{"id":499,"date":"2021-12-23T12:25:53","date_gmt":"2021-12-23T11:25:53","guid":{"rendered":"http:\/\/recyclerielasource.fr\/?page_id=499"},"modified":"2025-04-13T17:26:43","modified_gmt":"2025-04-13T15:26:43","slug":"nous-contacter","status":"publish","type":"page","link":"https:\/\/recyclerielasource.fr\/?page_id=499","title":{"rendered":"Nous contacter"},"content":{"rendered":"<h3>Vous avez envie de vous engager dans une d\u00e9marche \u00e9cocitoyenne, \u00e0 vocation solidaire et environnementale\u00a0?<\/h3>\n<h5>DEVENEZ ADH\u00c9RENT<\/h5>\n<p>Faites une diff\u00e9rence pour l&#8217;environnement et l&#8217;insertion sociale en adh\u00e9rant \u00e0 la Recyclerie La Source. Pour une adh\u00e9sion annuelle minimum de 1\u20ac, vous devenez<br \/>membre de notre communaut\u00e9 engag\u00e9e. Profitez de l&#8217;acc\u00e8s exclusif \u00e0 notre\u00a0boutique solidaire, o\u00f9 vous pourrez trouver des tr\u00e9sors r\u00e9utilis\u00e9s \u00e0 des prix\u00a0abordables. Agissons ensemble pour un avenir durable et solidaire.\u00a0Rejoignez-nous d\u00e8s maintenant !<\/p>\n<p>DEVENIR B\u00c9N\u00c9VOLE<\/p>\n<p>Rejoignez-nous en tant que b\u00e9n\u00e9vole \u00e0 la Recyclerie La\u00a0Source et participez \u00e0 notre mission durable. En donnant de votre temps, vous\u00a0contribuez \u00e0 r\u00e9duire les d\u00e9chets, soutenez l&#8217;inclusion sociale et acqu\u00e9rez de\u00a0nouvelles comp\u00e9tences. Faites partie d&#8217;une communaut\u00e9 engag\u00e9e et ressentez la\u00a0satisfaction personnelle d&#8217;apporter un impact concret. Contactez-nous pour vous\u00a0impliquer d\u00e8s aujourd&#8217;hui !<\/p>\n<h5>DEVENIR PARTENAIRE<\/h5>\n<p>Rejoignez-nous en tant que partenaire de la Recyclerie La Source et contribuez \u00e0 notre mission durable. Ensemble, nous pouvons cr\u00e9er un impact significatif en r\u00e9duisant les d\u00e9chets et en promouvant l&#8217;inclusion sociale. B\u00e9n\u00e9ficiez d&#8217;une visibilit\u00e9 accrue, de collaborations fructueuses et d&#8217;un r\u00e9seau engag\u00e9. Contactez-nous pour devenir notre partenaire d\u00e8s maintenant !<\/p>\n","protected":false},"excerpt":{"rendered":"<p>Vous avez envie de vous engager dans une d\u00e9marche \u00e9cocitoyenne, \u00e0 vocation solidaire et environnementale\u00a0? DEVENEZ ADH\u00c9RENT Faites une diff\u00e9rence pour l&#8217;environnement et l&#8217;insertion sociale en adh\u00e9rant \u00e0 la Recyclerie La Source. Pour une adh\u00e9sion annuelle minimum de 1\u20ac, vous devenezmembre de notre communaut\u00e9 engag\u00e9e. Profitez de l&#8217;acc\u00e8s exclusif \u00e0 notre\u00a0boutique solidaire, o\u00f9 vous pourrez &hellip;<\/p>\n<p class=\"read-more\"> <a class=\"\" href=\"https:\/\/recyclerielasource.fr\/?page_id=499\"> <span class=\"screen-reader-text\">Nous contacter<\/span> Lire la suite\u00a0\u00bb<\/a><\/p>\n","protected":false},"author":1,"featured_media":0,"parent":0,"menu_order":0,"comment_status":"closed","ping_status":"closed","template":"","meta":{"site-sidebar-layout":"no-sidebar","site-content-layout":"page-builder","ast-site-content-layout":"","site-content-style":"default","site-sidebar-style":"default","ast-global-header-display":"","ast-banner-title-visibility":"","ast-main-header-display":"","ast-hfb-above-header-display":"","ast-hfb-below-header-display":"","ast-hfb-mobile-header-display":"","site-post-title":"disabled","ast-breadcrumbs-content":"","ast-featured-img":"disabled","footer-sml-layout":"","theme-transparent-header-meta":"","adv-header-id-meta":"","stick-header-meta":"","header-above-stick-meta":"","header-main-stick-meta":"","header-below-stick-meta":"","astra-migrate-meta-layouts":"","footnotes":""},"_links":{"self":[{"href":"https:\/\/recyclerielasource.fr\/index.php?rest_route=\/wp\/v2\/pages\/499"}],"collection":[{"href":"https:\/\/recyclerielasource.fr\/index.php?rest_route=\/wp\/v2\/pages"}],"about":[{"href":"https:\/\/recyclerielasource.fr\/index.php?rest_route=\/wp\/v2\/types\/page"}],"author":[{"embeddable":true,"href":"https:\/\/recyclerielasource.fr\/index.php?rest_route=\/wp\/v2\/users\/1"}],"replies":[{"embeddable":true,"href":"https:\/\/recyclerielasource.fr\/index.php?rest_route=%2Fwp%2Fv2%2Fcomments&post=499"}],"version-history":[{"count":28,"href":"https:\/\/recyclerielasource.fr\/index.php?rest_route=\/wp\/v2\/pages\/499\/revisions"}],"predecessor-version":[{"id":678,"href":"https:\/\/recyclerielasource.fr\/index.php?rest_route=\/wp\/v2\/pages\/499\/revisions\/678"}],"wp:attachment":[{"href":"https:\/\/recyclerielasource.fr\/index.php?rest_route=%2Fwp%2Fv2%2Fmedia&parent=499"}],"curies":[{"name":"wp","href":"https:\/\/api.w.org\/{rel}","templated":true}]}}