{"id":78,"date":"2021-11-14T19:28:01","date_gmt":"2021-11-14T18:28:01","guid":{"rendered":"http:\/\/recyclerielasource.fr\/?page_id=78"},"modified":"2023-03-08T13:57:58","modified_gmt":"2023-03-08T12:57:58","slug":"infos-pratiques","status":"publish","type":"page","link":"https:\/\/recyclerielasource.fr\/?page_id=78","title":{"rendered":"Contact"},"content":{"rendered":"<h2>contact<\/h2>\n<p>Horaires\u00a0:\u00a0<\/p>\n<p>Mardi\u00a0 de 14H00 \u00e0 17H30\u00a0<\/p>\n<p>Mercredi, Vendredi &amp;\u00a0 Samedi de 10H30 \u00e0 17H30<\/p>\n<p>T\u00e9l\u00e9phone : 09 53 92 95 62<\/p>\n<p>Email : <a href=\"mailto:contact@recyclerielasource.fr\">contact@recyclerielasource.fr\u00a0<\/a><\/p>\n<p>\t\t\t<iframe frameborder=\"0\" scrolling=\"no\" marginheight=\"0\" marginwidth=\"0\"\n\t\t\t\t\tsrc=\"https:\/\/maps.google.com\/maps?q=recyclerie%20lasource&#038;t=m&#038;z=10&#038;output=embed&#038;iwloc=near\"\n\t\t\t\t\ttitle=\"recyclerie lasource\"\n\t\t\t\t\taria-label=\"recyclerie lasource\"\n\t\t\t><\/iframe><\/p>\n","protected":false},"excerpt":{"rendered":"<p>contact Horaires\u00a0:\u00a0 Mardi\u00a0 de 14H00 \u00e0 17H30\u00a0 Mercredi, Vendredi &amp;\u00a0 Samedi de 10H30 \u00e0 17H30 T\u00e9l\u00e9phone : 09 53 92 95 62 Email : contact@recyclerielasource.fr\u00a0<\/p>\n","protected":false},"author":1,"featured_media":0,"parent":0,"menu_order":0,"comment_status":"closed","ping_status":"closed","template":"","meta":{"site-sidebar-layout":"no-sidebar","site-content-layout":"page-builder","ast-site-content-layout":"","site-content-style":"default","site-sidebar-style":"default","ast-global-header-display":"","ast-banner-title-visibility":"","ast-main-header-display":"","ast-hfb-above-header-display":"","ast-hfb-below-header-display":"","ast-hfb-mobile-header-display":"","site-post-title":"disabled","ast-breadcrumbs-content":"","ast-featured-img":"disabled","footer-sml-layout":"","theme-transparent-header-meta":"","adv-header-id-meta":"","stick-header-meta":"","header-above-stick-meta":"","header-main-stick-meta":"","header-below-stick-meta":"","astra-migrate-meta-layouts":"","footnotes":""},"_links":{"self":[{"href":"https:\/\/recyclerielasource.fr\/index.php?rest_route=\/wp\/v2\/pages\/78"}],"collection":[{"href":"https:\/\/recyclerielasource.fr\/index.php?rest_route=\/wp\/v2\/pages"}],"about":[{"href":"https:\/\/recyclerielasource.fr\/index.php?rest_route=\/wp\/v2\/types\/page"}],"author":[{"embeddable":true,"href":"https:\/\/recyclerielasource.fr\/index.php?rest_route=\/wp\/v2\/users\/1"}],"replies":[{"embeddable":true,"href":"https:\/\/recyclerielasource.fr\/index.php?rest_route=%2Fwp%2Fv2%2Fcomments&post=78"}],"version-history":[{"count":25,"href":"https:\/\/recyclerielasource.fr\/index.php?rest_route=\/wp\/v2\/pages\/78\/revisions"}],"predecessor-version":[{"id":642,"href":"https:\/\/recyclerielasource.fr\/index.php?rest_route=\/wp\/v2\/pages\/78\/revisions\/642"}],"wp:attachment":[{"href":"https:\/\/recyclerielasource.fr\/index.php?rest_route=%2Fwp%2Fv2%2Fmedia&parent=78"}],"curies":[{"name":"wp","href":"https:\/\/api.w.org\/{rel}","templated":true}]}}