{"id":80,"date":"2021-11-16T15:22:48","date_gmt":"2021-11-16T14:22:48","guid":{"rendered":"http:\/\/recyclerielasource.fr\/?page_id=80"},"modified":"2022-02-07T13:39:05","modified_gmt":"2022-02-07T12:39:05","slug":"home-2","status":"publish","type":"page","link":"https:\/\/recyclerielasource.fr\/","title":{"rendered":"Accueil"},"content":{"rendered":"<h1>Recyclerie<br \/>lasource<\/h1>\n<h6>A propos de nous<\/h6>\n<p>D\u00e9sireux de contribuer \u00e0 repenser notre mode de consommation\u00a0 et nous positionner dans la pr\u00e9vention des d\u00e9chets avec l\u2019envie et l\u2019ambition de limiter l\u2019impact environnemental \u00e0 notre niveau, nous nous proposons de r\u00e9cup\u00e9rer v\u00e9tements, objets et mobiliers divers afin de favoriser la r\u00e9duction des d\u00e9chets, et l\u2019\u00e9co-citoyenet\u00e9.<\/p>\n<p>Ces objets sont ensuite r\u00e9par\u00e9s et revaloris\u00e9s pour int\u00e9grer notre boutique solidaire \u00e0 tout petit prix, permettant ainsi de le d\u00e9veloppement de l\u2019\u00e9conomie locale en cr\u00e9ant des ressources et des emplois \u00e9tiques et solidaires.<\/p>\n<p>Nous souhaitons contribuer \u00e0 notre niveau \u00a0\u00e0 la pr\u00e9servation de l\u2019environnement en ouvrant dans un avenir proche, un Repair\u2019Caf\u00e9 permettant ainsi d\u2019apprendre \u00e0 donner une seconde vie aux objets, mais aussi en proposant des ateliers \u00e9co-responsables, mener des actions de sensibilisation de mani\u00e8re \u00e0 informer\u00a0 le plus de monde possible et encore beaucoup d\u2019autres beaux projets\u2026<\/p>\n<p>N\u2019h\u00e9sitez pas \u00e0 visite notre site pour plus d\u2019information, bonne visite.<\/p>\n<p>\t\t\t\t\t\t\t\t\t\t\t\t\t\t\t<img decoding=\"async\" src=\"http:\/\/recyclerielasource.fr\/wp-content\/uploads\/elementor\/thumbs\/vue-interieur-recyclerie-lasource-pk3yrobfyjyi0jt9ujtsmzcwpl8rtrepswujfeai00.jpg\" title=\"vue-interieur-recyclerie-lasource\" alt=\"vue-interieur-recyclerie-lasource\" \/>\t\t\t\t\t\t\t\t\t\t\t\t\t\t\t<\/p>\n<h2>Les mus\u00e9es pr\u00e9servent notre pass\u00e9 ; le recyclage pr\u00e9serve notre avenir.<\/h2>\n<h5>&#8211; Theodor Wiesengrund Adornode <\/h5>\n","protected":false},"excerpt":{"rendered":"<p>Welcome to Ngofee A Cup of Inspiration to Make Your Day Discover More About Us Your Finest Coffee Served Next Door! The NGO journey from bean to cup started back in early 1995. It was an effort to serve a truly international experience right into your neighborhood. Ever since we\u2019ve grown to be a group &hellip;<\/p>\n<p class=\"read-more\"> <a class=\"\" href=\"https:\/\/websitedemos.net\/coffee-shop-02\/\"> <span class=\"screen-reader-text\">Home<\/span> Read More &raquo;<\/a><\/p>\n","protected":false},"author":1,"featured_media":0,"parent":0,"menu_order":0,"comment_status":"closed","ping_status":"closed","template":"elementor_header_footer","meta":{"site-sidebar-layout":"no-sidebar","site-content-layout":"page-builder","ast-site-content-layout":"","site-content-style":"default","site-sidebar-style":"default","ast-global-header-display":"","ast-banner-title-visibility":"","ast-main-header-display":"","ast-hfb-above-header-display":"","ast-hfb-below-header-display":"","ast-hfb-mobile-header-display":"","site-post-title":"disabled","ast-breadcrumbs-content":"disabled","ast-featured-img":"disabled","footer-sml-layout":"","theme-transparent-header-meta":"enabled","adv-header-id-meta":"","stick-header-meta":"","header-above-stick-meta":"","header-main-stick-meta":"","header-below-stick-meta":"","astra-migrate-meta-layouts":"","footnotes":""},"_links":{"self":[{"href":"https:\/\/recyclerielasource.fr\/index.php?rest_route=\/wp\/v2\/pages\/80"}],"collection":[{"href":"https:\/\/recyclerielasource.fr\/index.php?rest_route=\/wp\/v2\/pages"}],"about":[{"href":"https:\/\/recyclerielasource.fr\/index.php?rest_route=\/wp\/v2\/types\/page"}],"author":[{"embeddable":true,"href":"https:\/\/recyclerielasource.fr\/index.php?rest_route=\/wp\/v2\/users\/1"}],"replies":[{"embeddable":true,"href":"https:\/\/recyclerielasource.fr\/index.php?rest_route=%2Fwp%2Fv2%2Fcomments&post=80"}],"version-history":[{"count":57,"href":"https:\/\/recyclerielasource.fr\/index.php?rest_route=\/wp\/v2\/pages\/80\/revisions"}],"predecessor-version":[{"id":598,"href":"https:\/\/recyclerielasource.fr\/index.php?rest_route=\/wp\/v2\/pages\/80\/revisions\/598"}],"wp:attachment":[{"href":"https:\/\/recyclerielasource.fr\/index.php?rest_route=%2Fwp%2Fv2%2Fmedia&parent=80"}],"curies":[{"name":"wp","href":"https:\/\/api.w.org\/{rel}","templated":true}]}}